{"id":223,"date":"2013-12-06T21:36:35","date_gmt":"2013-12-06T19:36:35","guid":{"rendered":"http:\/\/langer-martin-langer.de\/?page_id=223"},"modified":"2023-10-19T11:47:47","modified_gmt":"2023-10-19T09:47:47","slug":"in-eigener-sache","status":"publish","type":"page","link":"https:\/\/langer-martin.de\/?page_id=223","title":{"rendered":"In eigener Sache"},"content":{"rendered":"\n<p>Qui \u00e9tait l\u00e0, qui se r\u00e9corde aux &#8222;Filles des Mousquines&#8220;?<br> Avenue des Mousquines 38, Lausanne, en 1968, chez Mme Krieger.<br> Invi\u00e9z-moi un email \u00e0 <script type=\"text\/javascript\">var username = \"kanzlei\"; var hostname = \"langer-martin.de\";document.write(\"<a href=\" + \"mail\" + \"to:\" + username + \"@\" + hostname + \">\" + username + \"@\" + hostname + \"<\\\/a>\")<\/script> !<\/p>\n","protected":false},"excerpt":{"rendered":"<p>Qui \u00e9tait l\u00e0, qui se r\u00e9corde aux &#8222;Filles des Mousquines&#8220;? Avenue des Mousquines 38, Lausanne, en 1968, chez Mme Krieger. Invi\u00e9z-moi un email \u00e0 !<\/p>\n","protected":false},"author":1,"featured_media":0,"parent":22,"menu_order":0,"comment_status":"open","ping_status":"closed","template":"","meta":{"footnotes":""},"class_list":["post-223","page","type-page","status-publish","hentry"],"_links":{"self":[{"href":"https:\/\/langer-martin.de\/index.php?rest_route=\/wp\/v2\/pages\/223","targetHints":{"allow":["GET"]}}],"collection":[{"href":"https:\/\/langer-martin.de\/index.php?rest_route=\/wp\/v2\/pages"}],"about":[{"href":"https:\/\/langer-martin.de\/index.php?rest_route=\/wp\/v2\/types\/page"}],"author":[{"embeddable":true,"href":"https:\/\/langer-martin.de\/index.php?rest_route=\/wp\/v2\/users\/1"}],"replies":[{"embeddable":true,"href":"https:\/\/langer-martin.de\/index.php?rest_route=%2Fwp%2Fv2%2Fcomments&post=223"}],"version-history":[{"count":6,"href":"https:\/\/langer-martin.de\/index.php?rest_route=\/wp\/v2\/pages\/223\/revisions"}],"predecessor-version":[{"id":316,"href":"https:\/\/langer-martin.de\/index.php?rest_route=\/wp\/v2\/pages\/223\/revisions\/316"}],"up":[{"embeddable":true,"href":"https:\/\/langer-martin.de\/index.php?rest_route=\/wp\/v2\/pages\/22"}],"wp:attachment":[{"href":"https:\/\/langer-martin.de\/index.php?rest_route=%2Fwp%2Fv2%2Fmedia&parent=223"}],"curies":[{"name":"wp","href":"https:\/\/api.w.org\/{rel}","templated":true}]}}